{"id":1320,"date":"2015-04-13T13:56:12","date_gmt":"2015-04-13T11:56:12","guid":{"rendered":"https:\/\/feuerschutz.ch\/conditions\/"},"modified":"2023-08-31T19:40:22","modified_gmt":"2023-08-31T17:40:22","slug":"conditions","status":"publish","type":"page","link":"https:\/\/feuerschutz.ch\/fr\/conditions\/","title":{"rendered":"Conditions"},"content":{"rendered":"<h2>Conditions g\u00e9n\u00e9rales et d\u00e9claration de confidentialit\u00e9<\/h2>\n<div>\n<p>En tant que client, vous b\u00e9n\u00e9ficiez d\u2019un service excellent. Un service irr\u00e9prochable et r\u00e9actif, des produits de qualit\u00e9, des conseils d\u2019experts et un prix optimal font partie des \u00e9l\u00e9ments qui permettent de jouer le r\u00f4le d\u2019un acteur comp\u00e9tent dans le domaine de la s\u00e9curit\u00e9 au travail. Afin de pouvoir vous fournir l\u2019ensemble de ces avantages, il faut cependant que nous nous tenions ensemble \u00e0 des r\u00e8gles.<\/p>\n<p><strong>G\u00e9n\u00e9ralit\u00e9s<\/strong><br \/>\nFor: Pour tout litige, seule la juridiction d\u2019Aarau est comp\u00e9tente.<br \/>\nD\u00e9rogations: D\u2019autres conditions que celles pr\u00e9cit\u00e9es ne sont valables que lorsque nous les\u00a0avons express\u00e9ment confirm\u00e9es par \u00e9crit.<\/p>\n<p><strong>Conditions de vente<\/strong><br \/>\nPrix:\u00a0Les prix en vigueur au jour de la livraison sont pris comme base pour le calcul. Les prix sont exprim\u00e9s en francs suisses et s\u2019entendent hors TVA.<\/p>\n<p><strong>D\u00e9signations<\/strong><br \/>\nLes indications de prix et de dimensions dans les offres et autres publications n\u2019ont pas de caract\u00e8re contractuel.<\/p>\n<p><strong>R\u00e9serve de propri\u00e9t\u00e9<\/strong><br \/>\nLa marchandise livr\u00e9e reste notre propri\u00e9t\u00e9 jusqu\u2019au paiement int\u00e9gral de l\u2019ensemble des cr\u00e9ances r\u00e9sultant de la relation commerciale. Le nantissement ou\u00a0la cession \u00e0 titre de garantie de notre propri\u00e9t\u00e9 n\u2019est pas autoris\u00e9. En cas de revente, c\u2019est la cr\u00e9ance vis-\u00e0-vis du tiers d\u00e9biteur qui entre en vigueur \u00e0 la place de la marchandise.<\/p>\n<p><strong>Conditions de paiement<br \/>\n<\/strong>D\u00e9lais: Sans stipulations sp\u00e9cifiques contraires, nos factures sont payables \u00e0 30 jours date de facture. En cas de non-paiement, un int\u00e9r\u00eat moratoire et des frais de recouvrement fixes seront factur\u00e9s \u00e0 partir du 31\u00e8me jour.\u00a0Toute d\u00e9duction non justifi\u00e9e ainsi que les frais y d\u00e9coulant feront l\u2019objet d\u2019une r\u00e9clamation ult\u00e9rieure. Concernant, les d\u00e9fauts de mat\u00e9riel qui ont \u00e9t\u00e9 communiqu\u00e9s et prouv\u00e9s imm\u00e9diatement apr\u00e8s leur constatation au plus tard un an apr\u00e8s la livraison, le fournisseur fournit une garantie sous forme de livraison\u00a0de remplacement gratuit.<\/p>\n<p><strong>Paiement \u00e0 l\u2019avance<\/strong><br \/>\nNous nous r\u00e9servons le droit, \u00e0 notre discr\u00e9tion, d\u2019exiger du client un paiement int\u00e9gral ou proportionnel \u00e0 l\u2019avance pour les commandes. Si le client n\u2019est pas d\u2019accord, il a la possibilit\u00e9 d\u2019annuler la commande.<\/p>\n<p><strong>Conditions de livraison<\/strong><br \/>\nD\u00e9lais de livraison:\u00a0Les d\u00e9lais de livraison confirm\u00e9s sont respect\u00e9s le mieux possible et ex\u00e9cut\u00e9s\u00a0le plus rapidement possible. Nous n\u2018assumons pas de responsabilit\u00e9 concernant\u00a0les retards de livraison qui ne nous incombent pas directement (entreprises de transports, fournisseurs). En cas d\u2019incident technique et cas de force majeure,\u00a0nous avons le droit \u2013 toute demande de dommages-int\u00e9r\u00eats \u00e9tant exclue \u2013 de prolonger les d\u00e9lais ou de supprimer l\u2019engagement de livraison.\u00a0La livraison est effectu\u00e9e conform\u00e9ment \u00e0 la confirmation de commande. Le\u00a0transport est effectu\u00e9 aux risques et p\u00e9rils de l\u2019acheteur. Les livraisons\u00a0d\u2019\u00e9changes ou les reprises n\u00e9cessitent beaucoup de temps et sont co\u00fbteuses.\u00a0Les frais occasionn\u00e9s seront factur\u00e9s selon les d\u00e9penses engag\u00e9es.<\/p>\n<p><strong>Reprise<br \/>\n<\/strong>La reprise de marchandises ne peut avoir lieu qu\u2019apr\u00e8s accord pr\u00e9alable. Si un avoir est accord\u00e9, une d\u00e9duction de 20% pour frais de dossier est effectu\u00e9e. Seuls les articles en \u00e9tat impeccable peuvent \u00eatre repris.\u00a0Les fabrications sp\u00e9cifiques et sur mesure ne sont pas reprises.<\/p>\n<p><strong>Livraison partielle<\/strong><br \/>\nLes livraisons partielles n\u00e9cessitent plus de travail et sont donc co\u00fbteuses. Les livraisons partielles souhait\u00e9es seront bien entendu effectu\u00e9es. Cependant, les frais suppl\u00e9mentaires y d\u00e9coulant seront factur\u00e9s.<\/p>\n<h3>D\u00e9claration de confidentialit\u00e9<\/h3>\n<p>La soci\u00e9t\u00e9 Hauser Feuerschutz AG accorde une priorit\u00e9 absolue \u00e0 la s\u00e9curit\u00e9 de vos donn\u00e9es personnelles. Vous pouvez consulter notre site Web sans avoir \u00e0 nous communiquer d\u2019informations personnelles. Nous n\u2019avons besoin de renseignements sur votre personne que si vous sollicitez des prestations de services pr\u00e9cises. Cette d\u00e9claration de confidentialit\u00e9 a pour but de vous informer en toute transparence sur les donn\u00e9es que nous pr\u00e9levons, traitons et m\u00e9morisons et dans quel but.<\/p>\n<p><strong>M\u00e9morisation de donn\u00e9es d\u2019acc\u00e8s<br \/>\n<\/strong>Lors de chaque acc\u00e8s \u00e0 notre site Internet, des donn\u00e9es d\u2019acc\u00e8s sont m\u00e9moris\u00e9es dans un fichier journal sur le serveur de notre fournisseur d\u2019acc\u00e8s \u00e0 l\u2019Internet. Ce jeu de donn\u00e9es se compose de votre adresse IP, de la date et de l\u2019heure de la demande, du nom du fichier demand\u00e9, du nom du fichier \u00e0 partir duquel le fichier a \u00e9t\u00e9 demand\u00e9, de la quantit\u00e9 de donn\u00e9es transmise et du statut d\u2019acc\u00e8s, d\u2019une description du navigateur Web utilis\u00e9 et du syst\u00e8me d\u2019exploitation, ainsi que du nom de votre fournisseur de services Internet. Ces donn\u00e9es sont pr\u00e9lev\u00e9es pour des raisons techniques. Une \u00e9valuation n\u2019en est effectu\u00e9e qu\u2019\u00e0 des fins statistiques sans r\u00e9f\u00e9rence personnelle.<\/p>\n<p><strong>Cookies<\/strong><br \/>\nSi vous consultez nos sites Web <a href=\"http:\/\/www.feuerschutz.ch\/\">www.feuerschutz.ch<\/a>, <a href=\"http:\/\/shop.feuerschutz.ch\/\">shop.feuerschutz.ch<\/a>, <a href=\"http:\/\/www.schilder-portal.ch\/\">www.schilder-portal.ch<\/a>, <a href=\"http:\/\/www.antirutschpordukte.com\/\">www.antirutschprodukte.com<\/a> et que vous avez accept\u00e9 la r\u00e9ception de cookies dans les param\u00e8tres de votre navigateur, cela signifie pour nous que vous souhaitez utiliser du mieux possible notre site Web et que vous approuvez de ce fait l\u2019emploi ici d\u00e9crit de cookies et d\u2019autres technologies. Veuillez trouver ci-apr\u00e8s plus d\u2019informations sur les cookies et sur les param\u00e8tres du navigateur n\u00e9cessaires afin d\u2018emp\u00eacher, de supprimer ou d\u2019afficher des cookies.\u00a0Un cookie est un petit fichier que nous installons sur le disque dur de votre ordinateur ou d\u2019un autre terminal lors de la premi\u00e8re consultation afin que nos syst\u00e8mes identifient votre appareil lors d\u2019une prochaine visite et puissent vous proposer des fonctions ou contenus sp\u00e9cifiques. Les cookies sont tr\u00e8s utiles car ils garantissent une plus grande convivialit\u00e9 lors de consultations r\u00e9currentes du site Web. \u00c0 la condition que vous utilisiez le m\u00eame appareil et le m\u00eame navigateur, les cookies peuvent m\u00e9moriser vos param\u00e8tres, par ex. votre panier d\u2019achat, afin de nous transmettre des informations sur votre utilisation de notre site Web. Les cookies utilis\u00e9s par notre site Web ne collectent que des donn\u00e9es anonymis\u00e9es qui ne permettent pas de remonter \u00e0 vos informations personnelles.\u00a0De plus, vous gardez le contr\u00f4le.\u00a0Vous pouvez administrer les cookies via les param\u00e8tres de votre navigateur. Vous pouvez ainsi supprimer des cookies existants, accepter ou rejeter tous les cookies, n\u2019accepter que des types pr\u00e9cis de cookies ou stipuler que vous voulez \u00eatre averti si un site Web envisage de m\u00e9moriser un cookie. La proc\u00e9dure de contr\u00f4le et de suppression de cookies d\u00e9pend du navigateur que vous utilisez. Veuillez trouver des informations \u00e0 ce propos dans la fonction d\u2019aide de votre navigateur.<\/p>\n<p>CGV 2022<br \/>\nAarau, f\u00e9vrier\u00a02022<\/p>\n<\/div>\n<p>Le responsable du traitement des donn\u00e9es personnelles est Markus Hauser, i<a href=\"mailto:nfo@feuerschutz.ch\">nfo@feuerschutz.ch<\/a>.<\/p>\n","protected":false},"excerpt":{"rendered":"<p>Conditions g\u00e9n\u00e9rales et d\u00e9claration de confidentialit\u00e9 En tant que client, vous b\u00e9n\u00e9ficiez d\u2019un service excellent. Un service irr\u00e9prochable et r\u00e9actif, des produits de qualit\u00e9, des conseils d\u2019experts et un prix optimal font partie des \u00e9l\u00e9ments qui permettent de jouer le r\u00f4le d\u2019un acteur comp\u00e9tent dans le domaine de la s\u00e9curit\u00e9 au travail. Afin de pouvoir&nbsp; <a href=\"https:\/\/feuerschutz.ch\/fr\/conditions\/\">&hellip; Read more <i class=\"glyphicon glyphicon-arrow-right\"><\/i><\/a><\/p>\n","protected":false},"author":2,"featured_media":0,"parent":0,"menu_order":0,"comment_status":"closed","ping_status":"closed","template":"","meta":{"_acf_changed":false,"footnotes":""},"class_list":["post-1320","page","type-page","status-publish","hentry"],"acf":[],"yoast_head":"<!-- This site is optimized with the Yoast SEO plugin v27.3 - https:\/\/yoast.com\/product\/yoast-seo-wordpress\/ -->\n<title>Conditions - Hauser Feuerschutz AG<\/title>\n<meta name=\"robots\" content=\"index, follow, max-snippet:-1, max-image-preview:large, max-video-preview:-1\" \/>\n<link rel=\"canonical\" href=\"https:\/\/feuerschutz.ch\/fr\/conditions\/\" \/>\n<meta property=\"og:locale\" content=\"fr_FR\" \/>\n<meta property=\"og:type\" content=\"article\" \/>\n<meta property=\"og:title\" content=\"Conditions - Hauser Feuerschutz AG\" \/>\n<meta property=\"og:description\" content=\"Conditions g\u00e9n\u00e9rales et d\u00e9claration de confidentialit\u00e9 En tant que client, vous b\u00e9n\u00e9ficiez d\u2019un service excellent. Un service irr\u00e9prochable et r\u00e9actif, des produits de qualit\u00e9, des conseils d\u2019experts et un prix optimal font partie des \u00e9l\u00e9ments qui permettent de jouer le r\u00f4le d\u2019un acteur comp\u00e9tent dans le domaine de la s\u00e9curit\u00e9 au travail. Afin de pouvoir&nbsp; &hellip; Read more\" \/>\n<meta property=\"og:url\" content=\"https:\/\/feuerschutz.ch\/fr\/conditions\/\" \/>\n<meta property=\"og:site_name\" content=\"Hauser Feuerschutz AG\" \/>\n<meta property=\"article:modified_time\" content=\"2023-08-31T17:40:22+00:00\" \/>\n<meta name=\"twitter:card\" content=\"summary_large_image\" \/>\n<meta name=\"twitter:site\" content=\"@Hauser_AG\" \/>\n<meta name=\"twitter:label1\" content=\"Dur\u00e9e de lecture estim\u00e9e\" \/>\n\t<meta name=\"twitter:data1\" content=\"6 minutes\" \/>\n<script type=\"application\/ld+json\" class=\"yoast-schema-graph\">{\"@context\":\"https:\\\/\\\/schema.org\",\"@graph\":[{\"@type\":\"WebPage\",\"@id\":\"https:\\\/\\\/feuerschutz.ch\\\/fr\\\/conditions\\\/\",\"url\":\"https:\\\/\\\/feuerschutz.ch\\\/fr\\\/conditions\\\/\",\"name\":\"Conditions - Hauser Feuerschutz AG\",\"isPartOf\":{\"@id\":\"https:\\\/\\\/feuerschutz.ch\\\/#website\"},\"datePublished\":\"2015-04-13T11:56:12+00:00\",\"dateModified\":\"2023-08-31T17:40:22+00:00\",\"breadcrumb\":{\"@id\":\"https:\\\/\\\/feuerschutz.ch\\\/fr\\\/conditions\\\/#breadcrumb\"},\"inLanguage\":\"fr-FR\",\"potentialAction\":[{\"@type\":\"ReadAction\",\"target\":[\"https:\\\/\\\/feuerschutz.ch\\\/fr\\\/conditions\\\/\"]}]},{\"@type\":\"BreadcrumbList\",\"@id\":\"https:\\\/\\\/feuerschutz.ch\\\/fr\\\/conditions\\\/#breadcrumb\",\"itemListElement\":[{\"@type\":\"ListItem\",\"position\":1,\"name\":\"Home\",\"item\":\"https:\\\/\\\/feuerschutz.ch\\\/\"},{\"@type\":\"ListItem\",\"position\":2,\"name\":\"Conditions\"}]},{\"@type\":\"WebSite\",\"@id\":\"https:\\\/\\\/feuerschutz.ch\\\/#website\",\"url\":\"https:\\\/\\\/feuerschutz.ch\\\/\",\"name\":\"Hauser Feuerschutz AG\",\"description\":\"Langnachleuchtende Schilder\",\"publisher\":{\"@id\":\"https:\\\/\\\/feuerschutz.ch\\\/#organization\"},\"potentialAction\":[{\"@type\":\"SearchAction\",\"target\":{\"@type\":\"EntryPoint\",\"urlTemplate\":\"https:\\\/\\\/feuerschutz.ch\\\/?s={search_term_string}\"},\"query-input\":{\"@type\":\"PropertyValueSpecification\",\"valueRequired\":true,\"valueName\":\"search_term_string\"}}],\"inLanguage\":\"fr-FR\"},{\"@type\":\"Organization\",\"@id\":\"https:\\\/\\\/feuerschutz.ch\\\/#organization\",\"name\":\"Hauser Feuerschutz AG\",\"url\":\"https:\\\/\\\/feuerschutz.ch\\\/\",\"logo\":{\"@type\":\"ImageObject\",\"inLanguage\":\"fr-FR\",\"@id\":\"https:\\\/\\\/feuerschutz.ch\\\/#\\\/schema\\\/logo\\\/image\\\/\",\"url\":\"https:\\\/\\\/feuerschutz.ch\\\/wp-content\\\/uploads\\\/2016\\\/03\\\/hauser_logo_2d.svg\",\"contentUrl\":\"https:\\\/\\\/feuerschutz.ch\\\/wp-content\\\/uploads\\\/2016\\\/03\\\/hauser_logo_2d.svg\",\"width\":1,\"height\":1,\"caption\":\"Hauser Feuerschutz AG\"},\"image\":{\"@id\":\"https:\\\/\\\/feuerschutz.ch\\\/#\\\/schema\\\/logo\\\/image\\\/\"},\"sameAs\":[\"https:\\\/\\\/x.com\\\/Hauser_AG\",\"https:\\\/\\\/www.youtube.com\\\/channel\\\/UCbZxUDvun0e4Ay9b7NgFiXg\"]}]}<\/script>\n<!-- \/ Yoast SEO plugin. -->","yoast_head_json":{"title":"Conditions - Hauser Feuerschutz AG","robots":{"index":"index","follow":"follow","max-snippet":"max-snippet:-1","max-image-preview":"max-image-preview:large","max-video-preview":"max-video-preview:-1"},"canonical":"https:\/\/feuerschutz.ch\/fr\/conditions\/","og_locale":"fr_FR","og_type":"article","og_title":"Conditions - Hauser Feuerschutz AG","og_description":"Conditions g\u00e9n\u00e9rales et d\u00e9claration de confidentialit\u00e9 En tant que client, vous b\u00e9n\u00e9ficiez d\u2019un service excellent. Un service irr\u00e9prochable et r\u00e9actif, des produits de qualit\u00e9, des conseils d\u2019experts et un prix optimal font partie des \u00e9l\u00e9ments qui permettent de jouer le r\u00f4le d\u2019un acteur comp\u00e9tent dans le domaine de la s\u00e9curit\u00e9 au travail. Afin de pouvoir&nbsp; &hellip; Read more","og_url":"https:\/\/feuerschutz.ch\/fr\/conditions\/","og_site_name":"Hauser Feuerschutz AG","article_modified_time":"2023-08-31T17:40:22+00:00","twitter_card":"summary_large_image","twitter_site":"@Hauser_AG","twitter_misc":{"Dur\u00e9e de lecture estim\u00e9e":"6 minutes"},"schema":{"@context":"https:\/\/schema.org","@graph":[{"@type":"WebPage","@id":"https:\/\/feuerschutz.ch\/fr\/conditions\/","url":"https:\/\/feuerschutz.ch\/fr\/conditions\/","name":"Conditions - Hauser Feuerschutz AG","isPartOf":{"@id":"https:\/\/feuerschutz.ch\/#website"},"datePublished":"2015-04-13T11:56:12+00:00","dateModified":"2023-08-31T17:40:22+00:00","breadcrumb":{"@id":"https:\/\/feuerschutz.ch\/fr\/conditions\/#breadcrumb"},"inLanguage":"fr-FR","potentialAction":[{"@type":"ReadAction","target":["https:\/\/feuerschutz.ch\/fr\/conditions\/"]}]},{"@type":"BreadcrumbList","@id":"https:\/\/feuerschutz.ch\/fr\/conditions\/#breadcrumb","itemListElement":[{"@type":"ListItem","position":1,"name":"Home","item":"https:\/\/feuerschutz.ch\/"},{"@type":"ListItem","position":2,"name":"Conditions"}]},{"@type":"WebSite","@id":"https:\/\/feuerschutz.ch\/#website","url":"https:\/\/feuerschutz.ch\/","name":"Hauser Feuerschutz AG","description":"Langnachleuchtende Schilder","publisher":{"@id":"https:\/\/feuerschutz.ch\/#organization"},"potentialAction":[{"@type":"SearchAction","target":{"@type":"EntryPoint","urlTemplate":"https:\/\/feuerschutz.ch\/?s={search_term_string}"},"query-input":{"@type":"PropertyValueSpecification","valueRequired":true,"valueName":"search_term_string"}}],"inLanguage":"fr-FR"},{"@type":"Organization","@id":"https:\/\/feuerschutz.ch\/#organization","name":"Hauser Feuerschutz AG","url":"https:\/\/feuerschutz.ch\/","logo":{"@type":"ImageObject","inLanguage":"fr-FR","@id":"https:\/\/feuerschutz.ch\/#\/schema\/logo\/image\/","url":"https:\/\/feuerschutz.ch\/wp-content\/uploads\/2016\/03\/hauser_logo_2d.svg","contentUrl":"https:\/\/feuerschutz.ch\/wp-content\/uploads\/2016\/03\/hauser_logo_2d.svg","width":1,"height":1,"caption":"Hauser Feuerschutz AG"},"image":{"@id":"https:\/\/feuerschutz.ch\/#\/schema\/logo\/image\/"},"sameAs":["https:\/\/x.com\/Hauser_AG","https:\/\/www.youtube.com\/channel\/UCbZxUDvun0e4Ay9b7NgFiXg"]}]}},"_links":{"self":[{"href":"https:\/\/feuerschutz.ch\/fr\/wp-json\/wp\/v2\/pages\/1320","targetHints":{"allow":["GET"]}}],"collection":[{"href":"https:\/\/feuerschutz.ch\/fr\/wp-json\/wp\/v2\/pages"}],"about":[{"href":"https:\/\/feuerschutz.ch\/fr\/wp-json\/wp\/v2\/types\/page"}],"author":[{"embeddable":true,"href":"https:\/\/feuerschutz.ch\/fr\/wp-json\/wp\/v2\/users\/2"}],"replies":[{"embeddable":true,"href":"https:\/\/feuerschutz.ch\/fr\/wp-json\/wp\/v2\/comments?post=1320"}],"version-history":[{"count":6,"href":"https:\/\/feuerschutz.ch\/fr\/wp-json\/wp\/v2\/pages\/1320\/revisions"}],"predecessor-version":[{"id":2571,"href":"https:\/\/feuerschutz.ch\/fr\/wp-json\/wp\/v2\/pages\/1320\/revisions\/2571"}],"wp:attachment":[{"href":"https:\/\/feuerschutz.ch\/fr\/wp-json\/wp\/v2\/media?parent=1320"}],"curies":[{"name":"wp","href":"https:\/\/api.w.org\/{rel}","templated":true}]}}