{"id":1316,"date":"2015-04-13T13:07:26","date_gmt":"2015-04-13T11:07:26","guid":{"rendered":"https:\/\/feuerschutz.ch\/notre-entreprise\/"},"modified":"2025-11-14T22:43:05","modified_gmt":"2025-11-14T21:43:05","slug":"notre-entreprise","status":"publish","type":"page","link":"https:\/\/feuerschutz.ch\/fr\/notre-entreprise\/","title":{"rendered":"Notre entreprise"},"content":{"rendered":"<h2><img loading=\"lazy\" decoding=\"async\" class=\"full-width alignnone wp-image-1942 size-full\" src=\"https:\/\/feuerschutz.ch\/wp-content\/uploads\/2019\/11\/fahrzeug_aarau_2019.jpg\" alt=\"\" width=\"1500\" height=\"1000\" srcset=\"https:\/\/feuerschutz.ch\/wp-content\/uploads\/2019\/11\/fahrzeug_aarau_2019.jpg 1500w, https:\/\/feuerschutz.ch\/wp-content\/uploads\/2019\/11\/fahrzeug_aarau_2019-450x300.jpg 450w, https:\/\/feuerschutz.ch\/wp-content\/uploads\/2019\/11\/fahrzeug_aarau_2019-970x647.jpg 970w, https:\/\/feuerschutz.ch\/wp-content\/uploads\/2019\/11\/fahrzeug_aarau_2019-768x512.jpg 768w\" sizes=\"auto, (max-width: 1500px) 100vw, 1500px\" \/><\/h2>\n<hr \/>\n<h2>Notre adresse<\/h2>\n<h3>Administration et ventes<\/h3>\n<p>Hauser Feuerschutz AG<br \/>\nSafety Signs &amp; Security Products<br \/>\nLaurenzenvorstadt 85<br \/>\nCH-5000 Aarau<\/p>\n<p>T 062 834 05 40<br \/>\n<a href=\"http:\/\/feuerschutz.ch\" target=\"_blank\" rel=\"noopener noreferrer\">www.feuerschutz.ch<\/a><br \/>\n<a href=\"https:\/\/shop.feuerschutz.ch\" target=\"_blank\" rel=\"noopener noreferrer\">shop.feuerschutz.ch<\/a><br \/>\ninfo@feuerschutz.ch<\/p>\n<hr \/>\n<h2>Service clients<\/h2>\n<p>Notre service \u00e0 la client\u00e8le se fera un plaisir de r\u00e9pondre \u00e0 vos questions au t\u00e9l\u00e9phone au num\u00e9ro<br \/>\n062 834 05 40\u00a0(lundi au vendredi: 7h30 &#8211; 18h00 et 13h30 &#8211; 17h00)<\/p>\n<hr \/>\n<h2>Informations bancaires<\/h2>\n<p>PostFinance AG, Mingerstrasse 20, 3030 Bern, Switzerland<br \/>\nBeg\u00fcnstigter: Hauser Feuerschutz AG, Laurenzenvorstadt 85, 5000 Aarau<br \/>\nKonto-Nr.: 50-13064-7<br \/>\nBIC POFICHBEXXX<br \/>\nIBAN-Nr.: CH24 0900 0000 5001 3064 7<\/p>\n<hr \/>\n<h2>Adh\u00e9sions<\/h2>\n<h3>Association Suisse pour l&rsquo;Eclairage &#8211; GS Eclairage de secours<\/h3>\n<p>Association Suisse pour l&rsquo;Eclairage<br \/>\nGS Eclairage de secours<br \/>\nPostgasse 17<br \/>\nCH-3000 Bern 8<\/p>\n<p>T 031 313 88 11<br \/>\nF 031 313 88 99<br \/>\n<a href=\"https:\/\/slg.ch\/fr\/association\/groupes-specialises\/#notbeleuchtung\" target=\"_blank\" rel=\"noopener\">www.slg.ch<\/a><br \/>\nfgnotlicht@slg.ch<\/p>\n<hr \/>\n<div class=\"csc-header csc-header-n1\">\n<h3 class=\"csc-firstHeader\">Association Suisse de Normalisation\u00a0(SNV)<\/h3>\n<\/div>\n<p>Membre\u00a0TK 1145 \u00ab\u00a0Les symboles graphiques\u00a0\u00bb<\/p>\n<p class=\"bodytext\">Association Suisse de Normalisation<br \/>\nB\u00fcrglistrasse 29<br \/>\nCH-8400 Winterthur<\/p>\n<p>T 052 224 54 54<br \/>\nF 052 224 54 74<br \/>\n<a href=\"http:\/\/www.snv.ch\" target=\"_blank\" rel=\"noopener noreferrer\">www.snv.ch<\/a><br \/>\ninfo@snv.ch<\/p>\n<hr \/>\n<h2>Mentions l\u00e9gales<\/h2>\n<p><strong>Raison sociale:<br \/>\n<\/strong>Hauser Feuerschutz AG<\/p>\n<p><strong>Ann\u00e9e fondation<br \/>\n<\/strong>1970 (Karl Hauser AG, Sch\u00f6nenwerd \/ Seengen)<\/p>\n<p><strong>Propri\u00e9taire<br \/>\n<\/strong>Hauser Markus<\/p>\n<p><strong>Directeur g\u00e9n\u00e9ral<br \/>\n<\/strong>Hauser Markus<br \/>\nHauser-Treier Petra<\/p>\n<p><strong>Procuration<br \/>\n<\/strong>Suter-Steinegger Doris<\/p>\n<p><strong>Num\u00e9ro DUNS<br \/>\n<\/strong>48-037-7092<\/p>\n<p><strong>Num\u00e9ro\u00a0TVA<br \/>\n<\/strong>CHE-105.857.416 MWST<\/p>\n<p><strong>Num\u00e9ro d&rsquo;identification d&rsquo;entreprise\u00a0(IDE)<br \/>\n<\/strong>CHE-105.857.416<\/p>\n<hr \/>\n","protected":false},"excerpt":{"rendered":"<p>Notre adresse Administration et ventes Hauser Feuerschutz AG Safety Signs &amp; Security Products Laurenzenvorstadt 85 CH-5000 Aarau T 062 834 05 40 www.feuerschutz.ch shop.feuerschutz.ch info@feuerschutz.ch Service clients Notre service \u00e0 la client\u00e8le se fera un plaisir de r\u00e9pondre \u00e0 vos questions au t\u00e9l\u00e9phone au num\u00e9ro 062 834 05 40\u00a0(lundi au vendredi: 7h30 &#8211; 18h00 et&nbsp; <a href=\"https:\/\/feuerschutz.ch\/fr\/notre-entreprise\/\">&hellip; Read more <i class=\"glyphicon glyphicon-arrow-right\"><\/i><\/a><\/p>\n","protected":false},"author":2,"featured_media":0,"parent":0,"menu_order":0,"comment_status":"closed","ping_status":"closed","template":"","meta":{"_acf_changed":false,"footnotes":""},"class_list":["post-1316","page","type-page","status-publish","hentry"],"acf":[],"yoast_head":"<!-- This site is optimized with the Yoast SEO plugin v27.3 - https:\/\/yoast.com\/product\/yoast-seo-wordpress\/ -->\n<title>Notre entreprise - Hauser Feuerschutz AG<\/title>\n<meta name=\"robots\" content=\"index, follow, max-snippet:-1, max-image-preview:large, max-video-preview:-1\" \/>\n<link rel=\"canonical\" href=\"https:\/\/feuerschutz.ch\/fr\/notre-entreprise\/\" \/>\n<meta property=\"og:locale\" content=\"fr_FR\" \/>\n<meta property=\"og:type\" content=\"article\" \/>\n<meta property=\"og:title\" content=\"Notre entreprise - Hauser Feuerschutz AG\" \/>\n<meta property=\"og:description\" content=\"Notre adresse Administration et ventes Hauser Feuerschutz AG Safety Signs &amp; Security Products Laurenzenvorstadt 85 CH-5000 Aarau T 062 834 05 40 www.feuerschutz.ch shop.feuerschutz.ch info@feuerschutz.ch Service clients Notre service \u00e0 la client\u00e8le se fera un plaisir de r\u00e9pondre \u00e0 vos questions au t\u00e9l\u00e9phone au num\u00e9ro 062 834 05 40\u00a0(lundi au vendredi: 7h30 &#8211; 18h00 et&nbsp; &hellip; Read more\" \/>\n<meta property=\"og:url\" content=\"https:\/\/feuerschutz.ch\/fr\/notre-entreprise\/\" \/>\n<meta property=\"og:site_name\" content=\"Hauser Feuerschutz AG\" \/>\n<meta property=\"article:modified_time\" content=\"2025-11-14T21:43:05+00:00\" \/>\n<meta property=\"og:image\" content=\"https:\/\/feuerschutz.ch\/wp-content\/uploads\/2019\/11\/fahrzeug_aarau_2019.jpg\" \/>\n\t<meta property=\"og:image:width\" content=\"1500\" \/>\n\t<meta property=\"og:image:height\" content=\"1000\" \/>\n\t<meta property=\"og:image:type\" content=\"image\/jpeg\" \/>\n<meta name=\"twitter:card\" content=\"summary_large_image\" \/>\n<meta name=\"twitter:site\" content=\"@Hauser_AG\" \/>\n<meta name=\"twitter:label1\" content=\"Dur\u00e9e de lecture estim\u00e9e\" \/>\n\t<meta name=\"twitter:data1\" content=\"2 minutes\" \/>\n<script type=\"application\/ld+json\" class=\"yoast-schema-graph\">{\"@context\":\"https:\\\/\\\/schema.org\",\"@graph\":[{\"@type\":\"WebPage\",\"@id\":\"https:\\\/\\\/feuerschutz.ch\\\/fr\\\/notre-entreprise\\\/\",\"url\":\"https:\\\/\\\/feuerschutz.ch\\\/fr\\\/notre-entreprise\\\/\",\"name\":\"Notre entreprise - Hauser Feuerschutz AG\",\"isPartOf\":{\"@id\":\"https:\\\/\\\/feuerschutz.ch\\\/#website\"},\"primaryImageOfPage\":{\"@id\":\"https:\\\/\\\/feuerschutz.ch\\\/fr\\\/notre-entreprise\\\/#primaryimage\"},\"image\":{\"@id\":\"https:\\\/\\\/feuerschutz.ch\\\/fr\\\/notre-entreprise\\\/#primaryimage\"},\"thumbnailUrl\":\"https:\\\/\\\/feuerschutz.ch\\\/wp-content\\\/uploads\\\/2019\\\/11\\\/fahrzeug_aarau_2019.jpg\",\"datePublished\":\"2015-04-13T11:07:26+00:00\",\"dateModified\":\"2025-11-14T21:43:05+00:00\",\"breadcrumb\":{\"@id\":\"https:\\\/\\\/feuerschutz.ch\\\/fr\\\/notre-entreprise\\\/#breadcrumb\"},\"inLanguage\":\"fr-FR\",\"potentialAction\":[{\"@type\":\"ReadAction\",\"target\":[\"https:\\\/\\\/feuerschutz.ch\\\/fr\\\/notre-entreprise\\\/\"]}]},{\"@type\":\"ImageObject\",\"inLanguage\":\"fr-FR\",\"@id\":\"https:\\\/\\\/feuerschutz.ch\\\/fr\\\/notre-entreprise\\\/#primaryimage\",\"url\":\"https:\\\/\\\/feuerschutz.ch\\\/wp-content\\\/uploads\\\/2019\\\/11\\\/fahrzeug_aarau_2019.jpg\",\"contentUrl\":\"https:\\\/\\\/feuerschutz.ch\\\/wp-content\\\/uploads\\\/2019\\\/11\\\/fahrzeug_aarau_2019.jpg\"},{\"@type\":\"BreadcrumbList\",\"@id\":\"https:\\\/\\\/feuerschutz.ch\\\/fr\\\/notre-entreprise\\\/#breadcrumb\",\"itemListElement\":[{\"@type\":\"ListItem\",\"position\":1,\"name\":\"Home\",\"item\":\"https:\\\/\\\/feuerschutz.ch\\\/\"},{\"@type\":\"ListItem\",\"position\":2,\"name\":\"Notre entreprise\"}]},{\"@type\":\"WebSite\",\"@id\":\"https:\\\/\\\/feuerschutz.ch\\\/#website\",\"url\":\"https:\\\/\\\/feuerschutz.ch\\\/\",\"name\":\"Hauser Feuerschutz AG\",\"description\":\"Langnachleuchtende Schilder\",\"publisher\":{\"@id\":\"https:\\\/\\\/feuerschutz.ch\\\/#organization\"},\"potentialAction\":[{\"@type\":\"SearchAction\",\"target\":{\"@type\":\"EntryPoint\",\"urlTemplate\":\"https:\\\/\\\/feuerschutz.ch\\\/?s={search_term_string}\"},\"query-input\":{\"@type\":\"PropertyValueSpecification\",\"valueRequired\":true,\"valueName\":\"search_term_string\"}}],\"inLanguage\":\"fr-FR\"},{\"@type\":\"Organization\",\"@id\":\"https:\\\/\\\/feuerschutz.ch\\\/#organization\",\"name\":\"Hauser Feuerschutz AG\",\"url\":\"https:\\\/\\\/feuerschutz.ch\\\/\",\"logo\":{\"@type\":\"ImageObject\",\"inLanguage\":\"fr-FR\",\"@id\":\"https:\\\/\\\/feuerschutz.ch\\\/#\\\/schema\\\/logo\\\/image\\\/\",\"url\":\"https:\\\/\\\/feuerschutz.ch\\\/wp-content\\\/uploads\\\/2016\\\/03\\\/hauser_logo_2d.svg\",\"contentUrl\":\"https:\\\/\\\/feuerschutz.ch\\\/wp-content\\\/uploads\\\/2016\\\/03\\\/hauser_logo_2d.svg\",\"width\":1,\"height\":1,\"caption\":\"Hauser Feuerschutz AG\"},\"image\":{\"@id\":\"https:\\\/\\\/feuerschutz.ch\\\/#\\\/schema\\\/logo\\\/image\\\/\"},\"sameAs\":[\"https:\\\/\\\/x.com\\\/Hauser_AG\",\"https:\\\/\\\/www.youtube.com\\\/channel\\\/UCbZxUDvun0e4Ay9b7NgFiXg\"]}]}<\/script>\n<!-- \/ Yoast SEO plugin. -->","yoast_head_json":{"title":"Notre entreprise - Hauser Feuerschutz AG","robots":{"index":"index","follow":"follow","max-snippet":"max-snippet:-1","max-image-preview":"max-image-preview:large","max-video-preview":"max-video-preview:-1"},"canonical":"https:\/\/feuerschutz.ch\/fr\/notre-entreprise\/","og_locale":"fr_FR","og_type":"article","og_title":"Notre entreprise - Hauser Feuerschutz AG","og_description":"Notre adresse Administration et ventes Hauser Feuerschutz AG Safety Signs &amp; Security Products Laurenzenvorstadt 85 CH-5000 Aarau T 062 834 05 40 www.feuerschutz.ch shop.feuerschutz.ch info@feuerschutz.ch Service clients Notre service \u00e0 la client\u00e8le se fera un plaisir de r\u00e9pondre \u00e0 vos questions au t\u00e9l\u00e9phone au num\u00e9ro 062 834 05 40\u00a0(lundi au vendredi: 7h30 &#8211; 18h00 et&nbsp; &hellip; Read more","og_url":"https:\/\/feuerschutz.ch\/fr\/notre-entreprise\/","og_site_name":"Hauser Feuerschutz AG","article_modified_time":"2025-11-14T21:43:05+00:00","og_image":[{"width":1500,"height":1000,"url":"https:\/\/feuerschutz.ch\/wp-content\/uploads\/2019\/11\/fahrzeug_aarau_2019.jpg","type":"image\/jpeg"}],"twitter_card":"summary_large_image","twitter_site":"@Hauser_AG","twitter_misc":{"Dur\u00e9e de lecture estim\u00e9e":"2 minutes"},"schema":{"@context":"https:\/\/schema.org","@graph":[{"@type":"WebPage","@id":"https:\/\/feuerschutz.ch\/fr\/notre-entreprise\/","url":"https:\/\/feuerschutz.ch\/fr\/notre-entreprise\/","name":"Notre entreprise - Hauser Feuerschutz AG","isPartOf":{"@id":"https:\/\/feuerschutz.ch\/#website"},"primaryImageOfPage":{"@id":"https:\/\/feuerschutz.ch\/fr\/notre-entreprise\/#primaryimage"},"image":{"@id":"https:\/\/feuerschutz.ch\/fr\/notre-entreprise\/#primaryimage"},"thumbnailUrl":"https:\/\/feuerschutz.ch\/wp-content\/uploads\/2019\/11\/fahrzeug_aarau_2019.jpg","datePublished":"2015-04-13T11:07:26+00:00","dateModified":"2025-11-14T21:43:05+00:00","breadcrumb":{"@id":"https:\/\/feuerschutz.ch\/fr\/notre-entreprise\/#breadcrumb"},"inLanguage":"fr-FR","potentialAction":[{"@type":"ReadAction","target":["https:\/\/feuerschutz.ch\/fr\/notre-entreprise\/"]}]},{"@type":"ImageObject","inLanguage":"fr-FR","@id":"https:\/\/feuerschutz.ch\/fr\/notre-entreprise\/#primaryimage","url":"https:\/\/feuerschutz.ch\/wp-content\/uploads\/2019\/11\/fahrzeug_aarau_2019.jpg","contentUrl":"https:\/\/feuerschutz.ch\/wp-content\/uploads\/2019\/11\/fahrzeug_aarau_2019.jpg"},{"@type":"BreadcrumbList","@id":"https:\/\/feuerschutz.ch\/fr\/notre-entreprise\/#breadcrumb","itemListElement":[{"@type":"ListItem","position":1,"name":"Home","item":"https:\/\/feuerschutz.ch\/"},{"@type":"ListItem","position":2,"name":"Notre entreprise"}]},{"@type":"WebSite","@id":"https:\/\/feuerschutz.ch\/#website","url":"https:\/\/feuerschutz.ch\/","name":"Hauser Feuerschutz AG","description":"Langnachleuchtende Schilder","publisher":{"@id":"https:\/\/feuerschutz.ch\/#organization"},"potentialAction":[{"@type":"SearchAction","target":{"@type":"EntryPoint","urlTemplate":"https:\/\/feuerschutz.ch\/?s={search_term_string}"},"query-input":{"@type":"PropertyValueSpecification","valueRequired":true,"valueName":"search_term_string"}}],"inLanguage":"fr-FR"},{"@type":"Organization","@id":"https:\/\/feuerschutz.ch\/#organization","name":"Hauser Feuerschutz AG","url":"https:\/\/feuerschutz.ch\/","logo":{"@type":"ImageObject","inLanguage":"fr-FR","@id":"https:\/\/feuerschutz.ch\/#\/schema\/logo\/image\/","url":"https:\/\/feuerschutz.ch\/wp-content\/uploads\/2016\/03\/hauser_logo_2d.svg","contentUrl":"https:\/\/feuerschutz.ch\/wp-content\/uploads\/2016\/03\/hauser_logo_2d.svg","width":1,"height":1,"caption":"Hauser Feuerschutz AG"},"image":{"@id":"https:\/\/feuerschutz.ch\/#\/schema\/logo\/image\/"},"sameAs":["https:\/\/x.com\/Hauser_AG","https:\/\/www.youtube.com\/channel\/UCbZxUDvun0e4Ay9b7NgFiXg"]}]}},"_links":{"self":[{"href":"https:\/\/feuerschutz.ch\/fr\/wp-json\/wp\/v2\/pages\/1316","targetHints":{"allow":["GET"]}}],"collection":[{"href":"https:\/\/feuerschutz.ch\/fr\/wp-json\/wp\/v2\/pages"}],"about":[{"href":"https:\/\/feuerschutz.ch\/fr\/wp-json\/wp\/v2\/types\/page"}],"author":[{"embeddable":true,"href":"https:\/\/feuerschutz.ch\/fr\/wp-json\/wp\/v2\/users\/2"}],"replies":[{"embeddable":true,"href":"https:\/\/feuerschutz.ch\/fr\/wp-json\/wp\/v2\/comments?post=1316"}],"version-history":[{"count":17,"href":"https:\/\/feuerschutz.ch\/fr\/wp-json\/wp\/v2\/pages\/1316\/revisions"}],"predecessor-version":[{"id":2599,"href":"https:\/\/feuerschutz.ch\/fr\/wp-json\/wp\/v2\/pages\/1316\/revisions\/2599"}],"wp:attachment":[{"href":"https:\/\/feuerschutz.ch\/fr\/wp-json\/wp\/v2\/media?parent=1316"}],"curies":[{"name":"wp","href":"https:\/\/api.w.org\/{rel}","templated":true}]}}